{"id":721,"date":"2021-01-26T15:09:57","date_gmt":"2021-01-26T14:09:57","guid":{"rendered":"https:\/\/www.favaihills.com\/datenschutzerklaerung\/"},"modified":"2022-01-17T16:42:47","modified_gmt":"2022-01-17T15:42:47","slug":"politica-sulla-privacy","status":"publish","type":"page","link":"https:\/\/www.favaihills.com\/it\/politica-sulla-privacy\/","title":{"rendered":"Politica sulla privacy"},"content":{"rendered":"<p>Favai Hills<br \/>\nLocalita\u2018 Fasse 21-23<br \/>\n37010 Brenzone sul Garda (VR)<\/p>\n<p>Il responsabile del trattamento dei vostri dati personali su questo sito web \u00e8 Favai Hills Tutti i dati rilevanti sull&#8217;azienda si trovano nel colofone.<\/p>\n<p>La tutela dei vostri dati personali ci sta particolarmente a cuore. Elaboriamo quindi i vostri dati esclusivamente sulla base delle disposizioni legali (GDPR, TKG 2003). Con la presente informativa desideriamo illustrarle i principali aspetti relativi al trattamento dei dati nell&#8217;ambito del nostro sito web.<\/p>\n<p><strong>Presa di contatto<\/strong><\/p>\n<p>Se ci contatta tramite il modulo sul nostro sito web o via e-mail, i dati che ci fornite saranno conservati per sei mesi allo scopo di elaborare la richiesta e in caso di domande successive. Questi dati non saranno inoltrati senza il suo consenso.<\/p>\n<p>&nbsp;<\/p>\n<p><strong>Cookies<\/strong><\/p>\n<p>Il nostro sito web utilizza i cosiddetti cookie. Questi sono piccoli file di testo che vengono memorizzati sul vostro dispositivo con l&#8217;aiuto del browser. Non causano alcun danno. Ulteriori informazioni sui cookie. Questo sito web utilizza i cookie solo dopo che lei ha acconsentito al loro utilizzo tramite il pulsante OK sulla barra informativa dei cookie.<\/p>\n<p>Usiamo i cookies affinch\u00e9 il nostro sito sia facile da usare. Alcuni cookie rimangono memorizzati sul suo dispositivo fino a quando non vengono cancellati. Questi ci permettono di riconoscere il suo browser alla sua prossima visita.<\/p>\n<p>Se non vuole questo, pu\u00f2 impostare il suo browser in modo che la informi sull&#8217;impostazione dei cookie e che lo permetta solo in singoli casi.<\/p>\n<p>Se i cookie sono disattivati, la funzionalit\u00e0 del nostro sito web pu\u00f2 essere limitata.<\/p>\n<p>&nbsp;<\/p>\n<p><strong>Cookie Consent<\/strong><\/p>\n<p>Memorizzazione del consenso all&#8217;uso dei cookie.<\/p>\n<p>&nbsp;<\/p>\n<p><strong>Google Analytics<\/strong><\/p>\n<p>Questo sito web utilizza Google Analytics, un servizio di analisi web fornito da Google Inc, 1600 Amphitheatre Parkway Mountain View, CA 94043, USA (&#8220;Google&#8221;). A questo scopo abbiamo concluso un contratto di elaborazione dei dati dell&#8217;ordine con Google. Il trasferimento dei dati verso gli USA avviene sulla base del Privacy Shield.<\/p>\n<p>Quando il nostro sito web viene aperto, viene stabilita una connessione con i server di Google tramite un software. I dati vengono trasmessi ai server di Google, che si trovano in parte negli Stati Uniti. Anche Google Analytics utilizza i cookie per memorizzare informazioni sull&#8217;utente del sito web e per analizzare l&#8217;uso del sito web da parte degli utenti.<\/p>\n<p>Questo sito web utilizza la funzione &#8220;Attivazione dell&#8217;anonimizzazione dell&#8217;IP&#8221;. Ci\u00f2 significa che il vostro indirizzo IP viene abbreviato da Google all&#8217;interno degli stati membri dell&#8217;Unione Europea o in altri stati contraenti dell&#8217;Accordo sullo Spazio Economico Europeo. Solo in casi eccezionali l&#8217;indirizzo IP completo sar\u00e0 trasmesso a un server di Google negli Stati Uniti e l\u00ec abbreviato.<\/p>\n<p>Secondo Google, Google utilizzer\u00e0 i dati raccolti allo scopo di valutare l&#8217;utilizzo del sito web, compilare report sulle attivit\u00e0 del sito web e fornire altri servizi relativi alle attivit\u00e0 del sito web e all&#8217;utilizzo di Internet.<\/p>\n<p>Google pu\u00f2 anche trasferire queste informazioni a terzi ove ci\u00f2 sia imposto dalla legge o laddove tali terzi trattino le informazioni per conto di Google. Informazioni dettagliate sul trattamento dei dati degli utenti con Google Analytics si possono trovare nella politica sulla privacy di Google e Google Analytics.<\/p>\n<p>&nbsp;<\/p>\n<p><strong>Disattivare Google Analytics <\/strong><\/p>\n<p>\u00c8 possibile impedire generalmente la raccolta dei vostri dati utente da parte di Google Analytics su tutti i siti web, scaricando e installando il plug-in del browser disponibile al seguente link: https:\/\/tools.google.com\/dlpage\/gaoptout?hl=de<\/p>\n<p>&nbsp;<\/p>\n<p><strong>Newsletter<\/strong><\/p>\n<p>Avete la possibilit\u00e0 di iscrivervi alla nostra newsletter attraverso il nostro sito web. Per fare questo, abbiamo bisogno del suo indirizzo e-mail e della sua dichiarazione che accetta di ricevere la newsletter. Per fornirvi informazioni dirette, raccogliamo ed elaboriamo anche informazioni fornite volontariamente su aree di interesse, data di nascita e il codice postale.<\/p>\n<p>&nbsp;<\/p>\n<p>Non appena si \u00e8 iscritto alla newsletter, le invieremo un&#8217;e-mail di conferma con un link per confermare la sua iscrizione. Puoi cancellare la tua iscrizione alla newsletter in qualsiasi momento. Si prega di inviare la cancellazione al seguente indirizzo e-mail: office@typo-wimmer.at. In seguito, cancelleremo immediatamente i vostri dati in relazione all&#8217;invio della newsletter.<\/p>\n<p>&nbsp;<\/p>\n<p><strong>I suoi diritti<\/strong><\/p>\n<p>In linea di massima lei possiede i diritti di informazione, rettifica, cancellazione, limitazione, trasferibilit\u00e0 dei dati, revoca e opposizione. Se ritenete che il trattamento dei suoi dati violi la legge sulla protezione dei dati o che i suoi diritti alla protezione dei dati siano stati violati in qualsiasi altro modo, potete presentare un reclamo all&#8217;autorit\u00e0 di vigilanza. In Italia \u00e8 l&#8217;autorit\u00e0 per la protezione dei dati.<\/p>\n<p>&nbsp;<\/p>\n<p><strong>Contatto:<\/strong><\/p>\n<p>Favai Hills<br \/>\nLocalita\u2018 Fasse 21-23<br \/>\n37010 Brenzone sul Garda (VR)<br \/>\n<a href=\"tel:+390455116666\">+39 045 511 66 66<\/a><br \/>\n<a href=\"mailto:hello@favaihills.com\">hello@favaihills.com<\/a><\/p>\n","protected":false},"excerpt":{"rendered":"<p>Favai Hills Localita\u2018 Fasse 21-23 37010 Brenzone sul Garda (VR) Il responsabile del trattamento dei vostri dati personali su questo sito web \u00e8 Favai Hills Tutti i dati rilevanti sull&#8217;azienda si trovano nel colofone. La tutela dei vostri dati personali ci sta particolarmente a cuore. Elaboriamo quindi i vostri dati esclusivamente sulla base delle disposizioni [&hellip;]<\/p>\n","protected":false},"author":1,"featured_media":0,"parent":0,"menu_order":1010,"comment_status":"closed","ping_status":"open","template":"","meta":{"_acf_changed":false,"footnotes":""},"class_list":["post-721","page","type-page","status-publish","hentry"],"acf":[],"_links":{"self":[{"href":"https:\/\/www.favaihills.com\/it\/wp-json\/wp\/v2\/pages\/721","targetHints":{"allow":["GET"]}}],"collection":[{"href":"https:\/\/www.favaihills.com\/it\/wp-json\/wp\/v2\/pages"}],"about":[{"href":"https:\/\/www.favaihills.com\/it\/wp-json\/wp\/v2\/types\/page"}],"author":[{"embeddable":true,"href":"https:\/\/www.favaihills.com\/it\/wp-json\/wp\/v2\/users\/1"}],"replies":[{"embeddable":true,"href":"https:\/\/www.favaihills.com\/it\/wp-json\/wp\/v2\/comments?post=721"}],"version-history":[{"count":5,"href":"https:\/\/www.favaihills.com\/it\/wp-json\/wp\/v2\/pages\/721\/revisions"}],"predecessor-version":[{"id":989,"href":"https:\/\/www.favaihills.com\/it\/wp-json\/wp\/v2\/pages\/721\/revisions\/989"}],"wp:attachment":[{"href":"https:\/\/www.favaihills.com\/it\/wp-json\/wp\/v2\/media?parent=721"}],"curies":[{"name":"wp","href":"https:\/\/api.w.org\/{rel}","templated":true}]}}